{"id":1683,"date":"2016-06-30T12:05:02","date_gmt":"2016-06-30T19:05:02","guid":{"rendered":"http:\/\/emrahkaranlik.com.au\/?page_id=1683"},"modified":"2025-09-09T16:37:58","modified_gmt":"2025-09-09T07:37:58","slug":"dive-centre","status":"publish","type":"page","link":"https:\/\/www.papuaexplorers.com\/de\/dive-centre\/","title":{"rendered":"Tauch Center"},"content":{"rendered":"<div class=\"wpb-content-wrapper\"><p>[vc_row][vc_column][vc_single_image image=&#8221;4185&#8243; img_size=&#8221;full&#8221; style=&#8221;vc_box_border&#8221; border_color=&#8221;white&#8221;][vc_column_text css=&#8221;.vc_custom_1473802274112{padding-top: 5px !important;}&#8221;]<\/p>\n<h1 style=\"letter-spacing: 4px; font-size: 13px; margin-bottom: 0px; text-align: left;\">TAUCH\u00a0CENTER<\/h1>\n<hr \/>\n<p>Unser Tauch-Team besteht im Moment aus:<\/p>\n<ul>\n<li>11 begabten Indonesischen Tauchguides, die anhand aktueller Standards ausgebildet sind,<\/li>\n<li>4 dive guide trainees aus D\u00f6rfern in der Umgebung,<\/li>\n<li>5 multinationale PADI Tauchlehrer, mit verschiedenen Spezialit\u00e4ten,<\/li>\n<li>10 gut ausgebildete und erfahrene Bootskapit\u00e4ne,<\/li>\n<li>10 hilfreiche und aufmerksame Boot Crew Mitglieder,<\/li>\n<li>und 2 Kompressorentechnikern,<\/li>\n<\/ul>\n<p>die sich allesamt freuen Ihnen in unserem PADI 5 Sterne Tauchcenter behilflich zu sein.<\/p>\n<p>Das Papua Explorers Management Team besteht au seiner Bandbreite verschiedener Nationalit\u00e4ten, darunter Indonesisch, Deutsch, Franz\u00f6sisch, Australisch und T\u00fcrkisch. Wir legen au\u00dferdem viel Wert darauf eine Mehrheit von einheimischen Papuanischen Mitarbeitern in allen Bereichen zu besch\u00e4ftigen.<\/p>\n<p><strong>Ausr\u00fcstung &amp; Sicherheit<\/strong><\/p>\n<p>Sicherheit wird bei Papua Explorers gro\u00df geschrieben. Wir warten und \u00fcberpr\u00fcfen all unsere Ausr\u00fcstung und Anlagen regelm\u00e4\u00dfig mit R\u00fccksicht auf den Sicherheitsaspekt.<\/p>\n<p>Unsere Tauch-Flotte besteht im Moment aus 7 Booten f\u00fcr t\u00e4gliche Tauch-Ausfahrten (Kapazit\u00e4t f\u00fcr 6 Taucher pro Boot) und 2 Tauch- und Transfer-Booten (f\u00fcr 8 Taucher bzw. 14 G\u00e4ste beim Transfer), welche allesamt mit DAN Notfall-Sauerstoff-Sets, 2-Wege-Marine-Funkger\u00e4ten und Erste-Hilfe-Sets ausgestattet sind. Zus\u00e4tzlich sind unsere Transfer-Boote mit GPS, Schwimmwesten und Feuerl\u00f6schern ausgestattet. Auf Tagestouren r\u00fcsten wir unsere Boote mit Satellitentelefonen f\u00fcr extra Sicherheit aus. Unsere Angestellten im Tauchbereich werden monatlich in der Handhabung von Notfall-Sauerstoff trainiert.<\/p>\n<p>Bitte sehen Sie die komplette Liste zum Thema Ausr\u00fcstung und Sicherheit am Ende unseres Info Dokuments <a href=\"http:\/\/www.papuaexplorers.com\/de\/resort\/info-rates\/\" target=\"_blank\" rel=\"noopener noreferrer\"><span style=\"color: #000080;\"><strong><u>hier<\/u><\/strong><\/span><\/a>.[\/vc_column_text][vc_separator color=&#8221;black&#8221;][vc_column_text]<\/p>\n<style type=\"text\/css\">\n#foogallery-gallery-2654 .fg-image { width: 300px; }\n#foogallery-gallery-2654 { --fg-gutter: 10px; }<\/style>\n\t\t\t(English) <style type=\"text\/css\">\n#foogallery-gallery-2654_1 .fg-image { width: 300px; }\n#foogallery-gallery-2654_1 { --fg-gutter: 10px; }<\/style>\n\t\t\t<div class=\"foogallery foogallery-container foogallery-default foogallery-lightbox-foobox fg-center fg-default fg-ready fg-light fg-border-thin fg-shadow-small fg-loading-default fg-loaded-fade-in fg-hover-fade fg-hover-zoom\" id=\"foogallery-gallery-2654_1\" data-foogallery=\"{&quot;item&quot;:{&quot;showCaptionTitle&quot;:true,&quot;showCaptionDescription&quot;:false},&quot;lazy&quot;:false,&quot;src&quot;:&quot;src&quot;,&quot;srcset&quot;:&quot;srcset&quot;}\" style=\"--fg-title-line-clamp: 0; --fg-description-line-clamp: 0;\" >\n\t<div class=\"fg-item fg-type-image fg-loaded\"><figure class=\"fg-item-inner\"><a href=\"https:\/\/www.papuaexplorers.com\/wp-content\/uploads\/2016\/08\/dive-centre-scaled.jpeg\" data-attachment-id=\"5132\" data-type=\"image\" class=\"fg-thumb\"><span class=\"fg-image-wrap\"><img fetchpriority=\"high\" decoding=\"async\" src=\"https:\/\/www.papuaexplorers.com\/wp-content\/uploads\/2016\/08\/dive-centre-scaled.jpeg\" width=\"300\" height=\"200\" class=\"skip-lazy fg-image\" data-no-lazy=\"1\" loading=\"eager\"><\/span><span class=\"fg-image-overlay\"><\/span><\/a><\/figure><div class=\"fg-loader\"><\/div><\/div><div class=\"fg-item fg-type-image fg-loaded\"><figure class=\"fg-item-inner\"><a href=\"https:\/\/www.papuaexplorers.com\/wp-content\/uploads\/2019\/08\/Papua-Explorers-Resort-Dive-Centre-2.jpg\" data-caption-title=\"Dive Centre - Papua Explorers Resort\" data-caption-desc=\"Dive Centre - Papua Explorers Resort\" data-attachment-id=\"4185\" data-type=\"image\" class=\"fg-thumb\"><span class=\"fg-image-wrap\"><img decoding=\"async\" src=\"https:\/\/www.papuaexplorers.com\/wp-content\/uploads\/2019\/08\/Papua-Explorers-Resort-Dive-Centre-2.jpg\" alt=\"the Dive Center building of Papua Explorers Resort\" title=\"Dive Centre - Papua Explorers Resort\" width=\"300\" height=\"200\" class=\"skip-lazy fg-image\" data-no-lazy=\"1\" loading=\"eager\"><\/span><span class=\"fg-image-overlay\"><\/span><\/a><figcaption class=\"fg-caption\"><div class=\"fg-caption-inner\"><div class=\"fg-caption-title\">Dive Centre - Papua Explorers Resort<\/div><\/div><\/figcaption><\/figure><div class=\"fg-loader\"><\/div><\/div><div class=\"fg-item fg-type-image fg-loaded\"><figure class=\"fg-item-inner\"><a href=\"https:\/\/www.papuaexplorers.com\/wp-content\/uploads\/2016\/08\/boats-2-scaled.jpeg\" data-attachment-id=\"5133\" data-type=\"image\" class=\"fg-thumb\"><span class=\"fg-image-wrap\"><img decoding=\"async\" src=\"https:\/\/www.papuaexplorers.com\/wp-content\/uploads\/2016\/08\/boats-2-scaled.jpeg\" width=\"300\" height=\"200\" class=\"skip-lazy fg-image\" data-no-lazy=\"1\" loading=\"eager\"><\/span><span class=\"fg-image-overlay\"><\/span><\/a><\/figure><div class=\"fg-loader\"><\/div><\/div><div class=\"fg-item fg-type-image fg-loaded\"><figure class=\"fg-item-inner\"><a href=\"https:\/\/www.papuaexplorers.com\/wp-content\/uploads\/2016\/08\/boats-1-scaled.jpg\" data-attachment-id=\"5134\" data-type=\"image\" class=\"fg-thumb\"><span class=\"fg-image-wrap\"><img decoding=\"async\" src=\"https:\/\/www.papuaexplorers.com\/wp-content\/uploads\/2016\/08\/boats-1-scaled.jpg\" width=\"300\" height=\"200\" class=\"skip-lazy fg-image\" data-no-lazy=\"1\" loading=\"eager\"><\/span><span class=\"fg-image-overlay\"><\/span><\/a><\/figure><div class=\"fg-loader\"><\/div><\/div><div class=\"fg-item fg-type-image fg-loaded\"><figure class=\"fg-item-inner\"><a href=\"https:\/\/www.papuaexplorers.com\/wp-content\/uploads\/2019\/08\/Papua-Explorers-Resort-Rinse-Tanks-2.jpg\" data-caption-title=\"Rinse Tanks for dive gear - Papua Explorers Resort\" data-caption-desc=\"Rinse Tanks - Papua Explorers Resort\" data-attachment-id=\"4187\" data-type=\"image\" class=\"fg-thumb\"><span class=\"fg-image-wrap\"><img decoding=\"async\" src=\"https:\/\/www.papuaexplorers.com\/wp-content\/uploads\/2019\/08\/Papua-Explorers-Resort-Rinse-Tanks-2.jpg\" alt=\"showing water basins to rinse off dive gear at our dive centre\" title=\"Rinse Tanks for dive gear - Papua Explorers Resort\" width=\"300\" height=\"200\" class=\"skip-lazy fg-image\" data-no-lazy=\"1\" loading=\"eager\"><\/span><span class=\"fg-image-overlay\"><\/span><\/a><figcaption class=\"fg-caption\"><div class=\"fg-caption-inner\"><div class=\"fg-caption-title\">Rinse Tanks for dive gear - Papua Explorers Resort<\/div><\/div><\/figcaption><\/figure><div class=\"fg-loader\"><\/div><\/div><div class=\"fg-item fg-type-image fg-loaded\"><figure class=\"fg-item-inner\"><a href=\"https:\/\/www.papuaexplorers.com\/wp-content\/uploads\/2016\/08\/papuaexplorers_divecenter9.jpg\" data-caption-title=\"Dive Site Map and Camera Taxi - Papua Explorers Resort\" data-caption-desc=\"Dive Site Map and Camera Taxi - Papua Explorers Resort\" data-attachment-id=\"2663\" data-type=\"image\" class=\"fg-thumb\"><span class=\"fg-image-wrap\"><img decoding=\"async\" src=\"https:\/\/www.papuaexplorers.com\/wp-content\/uploads\/2016\/08\/papuaexplorers_divecenter9.jpg\" alt=\"briefing board and map of the dive sites at our dive centre and a wheelbarrow for underwater cameras\" title=\"Dive Site Map and Camera Taxi - Papua Explorers Resort\" width=\"300\" height=\"200\" class=\"skip-lazy fg-image\" data-no-lazy=\"1\" loading=\"eager\"><\/span><span class=\"fg-image-overlay\"><\/span><\/a><figcaption class=\"fg-caption\"><div class=\"fg-caption-inner\"><div class=\"fg-caption-title\">Dive Site Map and Camera Taxi - Papua Explorers Resort<\/div><\/div><\/figcaption><\/figure><div class=\"fg-loader\"><\/div><\/div><div class=\"fg-item fg-type-image fg-loaded\"><figure class=\"fg-item-inner\"><a href=\"https:\/\/www.papuaexplorers.com\/wp-content\/uploads\/2016\/08\/boat-wayag-scaled.jpg\" data-attachment-id=\"5131\" data-type=\"image\" class=\"fg-thumb\"><span class=\"fg-image-wrap\"><img decoding=\"async\" src=\"https:\/\/www.papuaexplorers.com\/wp-content\/uploads\/2016\/08\/boat-wayag-scaled.jpg\" width=\"300\" height=\"200\" class=\"skip-lazy fg-image\" data-no-lazy=\"1\" loading=\"eager\"><\/span><span class=\"fg-image-overlay\"><\/span><\/a><\/figure><div class=\"fg-loader\"><\/div><\/div><div class=\"fg-item fg-type-image fg-loaded\"><figure class=\"fg-item-inner\"><a href=\"https:\/\/www.papuaexplorers.com\/wp-content\/uploads\/2016\/08\/papuaexplorers_divecenter4.jpg\" data-caption-title=\"Rental Gear at the Dive Centre - Papua Explorers\" data-caption-desc=\"Rental Gear at the Dive Centre - Papua Explorers\" data-attachment-id=\"2658\" data-type=\"image\" class=\"fg-thumb\"><span class=\"fg-image-wrap\"><img decoding=\"async\" src=\"https:\/\/www.papuaexplorers.com\/wp-content\/uploads\/2016\/08\/papuaexplorers_divecenter4.jpg\" alt=\"sets of rental dive gear in our dive centre office\" title=\"Rental Gear at the Dive Centre - Papua Explorers\" width=\"300\" height=\"200\" class=\"skip-lazy fg-image\" data-no-lazy=\"1\" loading=\"eager\"><\/span><span class=\"fg-image-overlay\"><\/span><\/a><figcaption class=\"fg-caption\"><div class=\"fg-caption-inner\"><div class=\"fg-caption-title\">Rental Gear at the Dive Centre - Papua Explorers<\/div><\/div><\/figcaption><\/figure><div class=\"fg-loader\"><\/div><\/div><div class=\"fg-item fg-type-image fg-loaded\"><figure class=\"fg-item-inner\"><a href=\"https:\/\/www.papuaexplorers.com\/wp-content\/uploads\/2023\/04\/Camera-Room.jpeg\" data-caption-title=\"Camera Room at Dive center jetty\" data-caption-desc=\"This is the Camera Room ay Papua explorers Eco Resort at Raja Ampat \" data-attachment-id=\"5137\" data-type=\"image\" class=\"fg-thumb\"><span class=\"fg-image-wrap\"><img decoding=\"async\" src=\"https:\/\/www.papuaexplorers.com\/wp-content\/uploads\/2023\/04\/Camera-Room-300x201.jpeg\" alt=\"(English) Camera Room at Papua explorers Jetty\" title=\"Camera Room at Dive center jetty\" width=\"300\" height=\"200\" class=\"skip-lazy fg-image\" data-no-lazy=\"1\" loading=\"eager\"><\/span><span class=\"fg-image-overlay\"><\/span><\/a><figcaption class=\"fg-caption\"><div class=\"fg-caption-inner\"><div class=\"fg-caption-title\">Camera Room at Dive center jetty<\/div><\/div><\/figcaption><\/figure><div class=\"fg-loader\"><\/div><\/div><div class=\"fg-item fg-type-image fg-loaded\"><figure class=\"fg-item-inner\"><a href=\"https:\/\/www.papuaexplorers.com\/wp-content\/uploads\/2016\/08\/one-of-our-papua-explorers-dive-and-transfer-boats.jpg\" data-caption-title=\"One of our Papua Explorers Dive and Transfer Boats\" data-caption-desc=\"One of our Papua Explorers dive and transfer Boats docked at our Raja Ampat Dive Center with islands of the Dampier Straight in the back.\" data-attachment-id=\"3452\" data-type=\"image\" class=\"fg-thumb\"><span class=\"fg-image-wrap\"><img decoding=\"async\" src=\"https:\/\/www.papuaexplorers.com\/wp-content\/uploads\/2016\/08\/one-of-our-papua-explorers-dive-and-transfer-boats.jpg\" alt=\"(English) A Dive and Transfer Boat docked at our Raja Ampat Dive Center with islands of the Dampier Straight in the back\" title=\"One of our Papua Explorers Dive and Transfer Boats\" width=\"300\" height=\"200\" class=\"skip-lazy fg-image\" data-no-lazy=\"1\" loading=\"eager\"><\/span><span class=\"fg-image-overlay\"><\/span><\/a><figcaption class=\"fg-caption\"><div class=\"fg-caption-inner\"><div class=\"fg-caption-title\">One of our Papua Explorers Dive and Transfer Boats<\/div><\/div><\/figcaption><\/figure><div class=\"fg-loader\"><\/div><\/div><div class=\"fg-item fg-type-image fg-loaded\"><figure class=\"fg-item-inner\"><a href=\"https:\/\/www.papuaexplorers.com\/wp-content\/uploads\/2016\/08\/Boats3.jpg\" data-caption-title=\"Dive and Transfer Boat at Papua Explorers Resort\" data-caption-desc=\"Dive and Transfer Boat at Papua Explorers Resort\" data-attachment-id=\"3440\" data-type=\"image\" class=\"fg-thumb\"><span class=\"fg-image-wrap\"><img decoding=\"async\" src=\"https:\/\/www.papuaexplorers.com\/wp-content\/uploads\/2016\/08\/Boats3.jpg\" alt=\"one of our dive and transfer boats in the water close to our bungalows\" title=\"Dive and Transfer Boat at Papua Explorers Resort\" width=\"300\" height=\"200\" class=\"skip-lazy fg-image\" data-no-lazy=\"1\" loading=\"eager\"><\/span><span class=\"fg-image-overlay\"><\/span><\/a><figcaption class=\"fg-caption\"><div class=\"fg-caption-inner\"><div class=\"fg-caption-title\">Dive and Transfer Boat at Papua Explorers Resort<\/div><\/div><\/figcaption><\/figure><div class=\"fg-loader\"><\/div><\/div><div class=\"fg-item fg-type-image fg-loaded\"><figure class=\"fg-item-inner\"><a href=\"https:\/\/www.papuaexplorers.com\/wp-content\/uploads\/2016\/08\/papuaexplorers_divecenter10.jpg\" data-caption-desc=\"Dampier Strait Map - Papua Explorers Resort\" data-attachment-id=\"2664\" data-type=\"image\" class=\"fg-thumb\"><span class=\"fg-image-wrap\"><img decoding=\"async\" src=\"https:\/\/www.papuaexplorers.com\/wp-content\/uploads\/2016\/08\/papuaexplorers_divecenter10.jpg\" alt=\"a map of the Dampier Strait and some if its dive sites\" width=\"300\" height=\"200\" class=\"skip-lazy fg-image\" data-no-lazy=\"1\" loading=\"eager\"><\/span><span class=\"fg-image-overlay\"><\/span><\/a><\/figure><div class=\"fg-loader\"><\/div><\/div><div class=\"fg-item fg-type-image fg-loaded\"><figure class=\"fg-item-inner\"><a href=\"https:\/\/www.papuaexplorers.com\/wp-content\/uploads\/2016\/08\/5-Star-Dive-Resort.jpg\" data-caption-title=\"Papua Explorers Resort is a PADI 5 Star Dive Resort.\" data-caption-desc=\"Papua Explorers Resort is a PADI 5 Star Dive Resort.\" data-attachment-id=\"3438\" data-type=\"image\" class=\"fg-thumb\"><span class=\"fg-image-wrap\"><img decoding=\"async\" src=\"https:\/\/www.papuaexplorers.com\/wp-content\/uploads\/2016\/08\/5-Star-Dive-Resort.jpg\" alt=\"PADI five star dive resort logo\" title=\"Papua Explorers Resort is a PADI 5 Star Dive Resort.\" width=\"300\" height=\"200\" class=\"skip-lazy fg-image\" data-no-lazy=\"1\" loading=\"eager\"><\/span><span class=\"fg-image-overlay\"><\/span><\/a><figcaption class=\"fg-caption\"><div class=\"fg-caption-inner\"><div class=\"fg-caption-title\">Papua Explorers Resort is a PADI 5 Star Dive Resort.<\/div><\/div><\/figcaption><\/figure><div class=\"fg-loader\"><\/div><\/div><\/div>\n<p>[\/vc_column_text][vc_separator color=&#8221;black&#8221;][\/vc_column][\/vc_row]<\/p>\n<\/div>","protected":false},"excerpt":{"rendered":"<p>[vc_row][vc_column][vc_single_image image=&#8221;4185&#8243; img_size=&#8221;full&#8221; style=&#8221;vc_box_border&#8221; border_color=&#8221;white&#8221;][vc_column_text css=&#8221;.vc_custom_1473802274112{padding-top: 5px !important;}&#8221;] TAUCH\u00a0CENTER Unser Tauch-Team besteht im Moment aus: 11 begabten Indonesischen Tauchguides, die anhand aktueller Standards ausgebildet sind, 4 dive guide trainees aus [&hellip;]<\/p>\n","protected":false},"author":1,"featured_media":0,"parent":0,"menu_order":0,"comment_status":"closed","ping_status":"closed","template":"","meta":{"footnotes":""},"class_list":["post-1683","page","type-page","status-publish","hentry"],"yoast_head":"<!-- This site is optimized with the Yoast SEO plugin v27.5 - https:\/\/yoast.com\/product\/yoast-seo-wordpress\/ -->\n<title>Raja Ampat Diving Trip and Packages | Papua Explorers<\/title>\n<meta name=\"description\" content=\"Our dive centre team consist of PADI instructors, skilled dive guides and crew. We offer Raja Ampat diving trip packages and non-diving to suit all your desires.\" \/>\n<meta name=\"robots\" content=\"index, follow, max-snippet:-1, max-image-preview:large, max-video-preview:-1\" \/>\n<link rel=\"canonical\" href=\"https:\/\/www.papuaexplorers.com\/dive-centre\/\" \/>\n<meta property=\"og:locale\" content=\"de_DE\" \/>\n<meta property=\"og:type\" content=\"article\" \/>\n<meta property=\"og:title\" content=\"Raja Ampat Diving Trip and Packages | Papua Explorers\" \/>\n<meta property=\"og:description\" content=\"Our dive centre team consist of PADI instructors, skilled dive guides and crew. We offer Raja Ampat diving trip packages and non-diving to suit all your desires.\" \/>\n<meta property=\"og:url\" content=\"https:\/\/www.papuaexplorers.com\/dive-centre\/\" \/>\n<meta property=\"og:site_name\" content=\"Papua Explorers Resort Raja Ampat\" \/>\n<meta property=\"article:modified_time\" content=\"2025-09-09T07:37:58+00:00\" \/>\n<meta name=\"twitter:card\" content=\"summary_large_image\" \/>\n<meta name=\"twitter:label1\" content=\"Gesch\u00e4tzte Lesezeit\" \/>\n\t<meta name=\"twitter:data1\" content=\"5\u00a0Minuten\" \/>\n<script type=\"application\/ld+json\" class=\"yoast-schema-graph\">{\"@context\":\"https:\\\/\\\/schema.org\",\"@graph\":[{\"@type\":\"WebPage\",\"@id\":\"https:\\\/\\\/www.papuaexplorers.com\\\/dive-centre\\\/\",\"url\":\"https:\\\/\\\/www.papuaexplorers.com\\\/dive-centre\\\/\",\"name\":\"Raja Ampat Diving Trip and Packages | Papua Explorers\",\"isPartOf\":{\"@id\":\"https:\\\/\\\/www.papuaexplorers.com\\\/de\\\/#website\"},\"datePublished\":\"2016-06-30T19:05:02+00:00\",\"dateModified\":\"2025-09-09T07:37:58+00:00\",\"description\":\"Our dive centre team consist of PADI instructors, skilled dive guides and crew. We offer Raja Ampat diving trip packages and non-diving to suit all your desires.\",\"breadcrumb\":{\"@id\":\"https:\\\/\\\/www.papuaexplorers.com\\\/dive-centre\\\/#breadcrumb\"},\"inLanguage\":\"de\",\"potentialAction\":[{\"@type\":\"ReadAction\",\"target\":[\"https:\\\/\\\/www.papuaexplorers.com\\\/dive-centre\\\/\"]}]},{\"@type\":\"BreadcrumbList\",\"@id\":\"https:\\\/\\\/www.papuaexplorers.com\\\/dive-centre\\\/#breadcrumb\",\"itemListElement\":[{\"@type\":\"ListItem\",\"position\":1,\"name\":\"Home\",\"item\":\"https:\\\/\\\/www.papuaexplorers.com\\\/de\\\/\"},{\"@type\":\"ListItem\",\"position\":2,\"name\":\"Dive Centre\"}]},{\"@type\":\"WebSite\",\"@id\":\"https:\\\/\\\/www.papuaexplorers.com\\\/de\\\/#website\",\"url\":\"https:\\\/\\\/www.papuaexplorers.com\\\/de\\\/\",\"name\":\"Papua Explorers Resort Raja Ampat\",\"description\":\"Providing Raja ampat&#039;s finest diving and snorkeling .\",\"potentialAction\":[{\"@type\":\"SearchAction\",\"target\":{\"@type\":\"EntryPoint\",\"urlTemplate\":\"https:\\\/\\\/www.papuaexplorers.com\\\/de\\\/?s={search_term_string}\"},\"query-input\":{\"@type\":\"PropertyValueSpecification\",\"valueRequired\":true,\"valueName\":\"search_term_string\"}}],\"inLanguage\":\"de\"}]}<\/script>\n<!-- \/ Yoast SEO plugin. -->","yoast_head_json":{"title":"Raja Ampat Diving Trip and Packages | Papua Explorers","description":"Our dive centre team consist of PADI instructors, skilled dive guides and crew. We offer Raja Ampat diving trip packages and non-diving to suit all your desires.","robots":{"index":"index","follow":"follow","max-snippet":"max-snippet:-1","max-image-preview":"max-image-preview:large","max-video-preview":"max-video-preview:-1"},"canonical":"https:\/\/www.papuaexplorers.com\/dive-centre\/","og_locale":"de_DE","og_type":"article","og_title":"Raja Ampat Diving Trip and Packages | Papua Explorers","og_description":"Our dive centre team consist of PADI instructors, skilled dive guides and crew. We offer Raja Ampat diving trip packages and non-diving to suit all your desires.","og_url":"https:\/\/www.papuaexplorers.com\/dive-centre\/","og_site_name":"Papua Explorers Resort Raja Ampat","article_modified_time":"2025-09-09T07:37:58+00:00","twitter_card":"summary_large_image","twitter_misc":{"Gesch\u00e4tzte Lesezeit":"5\u00a0Minuten"},"schema":{"@context":"https:\/\/schema.org","@graph":[{"@type":"WebPage","@id":"https:\/\/www.papuaexplorers.com\/dive-centre\/","url":"https:\/\/www.papuaexplorers.com\/dive-centre\/","name":"Raja Ampat Diving Trip and Packages | Papua Explorers","isPartOf":{"@id":"https:\/\/www.papuaexplorers.com\/de\/#website"},"datePublished":"2016-06-30T19:05:02+00:00","dateModified":"2025-09-09T07:37:58+00:00","description":"Our dive centre team consist of PADI instructors, skilled dive guides and crew. We offer Raja Ampat diving trip packages and non-diving to suit all your desires.","breadcrumb":{"@id":"https:\/\/www.papuaexplorers.com\/dive-centre\/#breadcrumb"},"inLanguage":"de","potentialAction":[{"@type":"ReadAction","target":["https:\/\/www.papuaexplorers.com\/dive-centre\/"]}]},{"@type":"BreadcrumbList","@id":"https:\/\/www.papuaexplorers.com\/dive-centre\/#breadcrumb","itemListElement":[{"@type":"ListItem","position":1,"name":"Home","item":"https:\/\/www.papuaexplorers.com\/de\/"},{"@type":"ListItem","position":2,"name":"Dive Centre"}]},{"@type":"WebSite","@id":"https:\/\/www.papuaexplorers.com\/de\/#website","url":"https:\/\/www.papuaexplorers.com\/de\/","name":"Papua Explorers Resort Raja Ampat","description":"Providing Raja ampat&#039;s finest diving and snorkeling .","potentialAction":[{"@type":"SearchAction","target":{"@type":"EntryPoint","urlTemplate":"https:\/\/www.papuaexplorers.com\/de\/?s={search_term_string}"},"query-input":{"@type":"PropertyValueSpecification","valueRequired":true,"valueName":"search_term_string"}}],"inLanguage":"de"}]}},"_links":{"self":[{"href":"https:\/\/www.papuaexplorers.com\/de\/wp-json\/wp\/v2\/pages\/1683","targetHints":{"allow":["GET"]}}],"collection":[{"href":"https:\/\/www.papuaexplorers.com\/de\/wp-json\/wp\/v2\/pages"}],"about":[{"href":"https:\/\/www.papuaexplorers.com\/de\/wp-json\/wp\/v2\/types\/page"}],"author":[{"embeddable":true,"href":"https:\/\/www.papuaexplorers.com\/de\/wp-json\/wp\/v2\/users\/1"}],"replies":[{"embeddable":true,"href":"https:\/\/www.papuaexplorers.com\/de\/wp-json\/wp\/v2\/comments?post=1683"}],"version-history":[{"count":55,"href":"https:\/\/www.papuaexplorers.com\/de\/wp-json\/wp\/v2\/pages\/1683\/revisions"}],"predecessor-version":[{"id":5269,"href":"https:\/\/www.papuaexplorers.com\/de\/wp-json\/wp\/v2\/pages\/1683\/revisions\/5269"}],"wp:attachment":[{"href":"https:\/\/www.papuaexplorers.com\/de\/wp-json\/wp\/v2\/media?parent=1683"}],"curies":[{"name":"wp","href":"https:\/\/api.w.org\/{rel}","templated":true}]}}