{"id":1704,"date":"2016-06-30T12:14:57","date_gmt":"2016-06-30T19:14:57","guid":{"rendered":"http:\/\/emrahkaranlik.com.au\/?page_id=1704"},"modified":"2020-05-28T15:09:21","modified_gmt":"2020-05-28T06:09:21","slug":"about-raja-ampat","status":"publish","type":"page","link":"https:\/\/www.papuaexplorers.com\/de\/about-raja-ampat\/","title":{"rendered":"About Raja Ampat"},"content":{"rendered":"<div class=\"wpb-content-wrapper\"><p>[vc_row][vc_column][vc_single_image image=&#8221;2431&#8243; img_size=&#8221;full&#8221; style=&#8221;vc_box_border&#8221; border_color=&#8221;white&#8221;][vc_column_text]<\/p>\n<h1 style=\"letter-spacing: 4px; font-size: 13px; margin-bottom: 0px; text-align: left;\">\u00dcBER\u00a0RAJA AMPAT<\/h1>\n<hr \/>\n<p>Der Name<b> Raja Ampat<\/b> bedeutet \u00fcbersetzt ins <b>Deutsche<\/b> \u201cvier K\u00f6nige\u201d. Er entstammt der lokalen Mythologie \u00fcber vier K\u00f6nige, die die vier gr\u00f6\u00dften Inseln in <b>Raja Ampat<\/b> formten, n\u00e4mlich \u00a0Salawati, Batanta, Waigeo und Misool. Die vier K\u00f6nige sollen der Mythologie nach aus vier von sieben Eiern geschl\u00fcpft sein, die\u00a0 eine Frau gefunden haben soll. Aus den drei anderen seien ein Gespenst, eine Frau und ein Stein geschl\u00fcpft.<\/p>\n<p>Raja Ampat ist ein Teil der neu benannten Provinz <b>West Papua<\/b> von Indonesien, die fr\u00fcher als Irian Jaya bekannt war. Raja Ampat ist eine neue Regentschaft, die von Sorong im Jahr 2004 getrennt wurde.<br \/>\nDie Provinz Raja Ampat umfasst mehr als 40.000 km\u00b2 Land und Meer. Zusammen mit der Cenderawasih Bay bildet Raja Ampat den gr\u00f6\u00dften Marine-Nationalpark in Indonesien, eine atemberaubende Inselkette aus \u00fcber 1.500 kleinen Inseln, Heimat Tausender Arten, von denen einige endemisch sind.<\/p>\n<p>Fr\u00fchere Inschriften zeigen, dass Raja Ampat einst ein Teil des Tidore- K\u00f6nigreiches war, das gro\u00dfen Einfluss in der Maluku Regionhatte. Doch nach der niederl\u00e4ndischen Invasion wurde Raja Ampat von den Holl\u00e4ndern besetzt.<br \/>\nDie Hauptbesch\u00e4ftigung der Menschen in dieser Region ist die Fischerei. Sie leben verstreut auf den Inseln in kleinen D\u00f6rfern und sind stammesm\u00e4\u00dfig organisiert. Die traditionelle Kultur ist noch stark vorhanden. Die Einwohner sind sehr freundlich zu Besuchern. Die Religion in Papua ist \u00fcberwiegend christlich.[\/vc_column_text][vc_separator color=&#8221;black&#8221;][\/vc_column][\/vc_row]<\/p>\n<\/div>","protected":false},"excerpt":{"rendered":"<p>[vc_row][vc_column][vc_single_image image=&#8221;2431&#8243; img_size=&#8221;full&#8221; style=&#8221;vc_box_border&#8221; border_color=&#8221;white&#8221;][vc_column_text] \u00dcBER\u00a0RAJA AMPAT Der Name Raja Ampat bedeutet \u00fcbersetzt ins Deutsche \u201cvier K\u00f6nige\u201d. Er entstammt der lokalen Mythologie \u00fcber vier K\u00f6nige, die die vier gr\u00f6\u00dften Inseln [&hellip;]<\/p>\n","protected":false},"author":1,"featured_media":0,"parent":0,"menu_order":0,"comment_status":"closed","ping_status":"closed","template":"","meta":{"footnotes":""},"class_list":["post-1704","page","type-page","status-publish","hentry"],"yoast_head":"<!-- This site is optimized with the Yoast SEO plugin v27.3 - https:\/\/yoast.com\/product\/yoast-seo-wordpress\/ -->\n<title>Raja Ampat Islands in Papua Indonesia | Papua Explorers<\/title>\n<meta name=\"description\" content=\"Learn more about Raja Ampat islands in Papua Indonesia. The name comes from a mythology about four kings who occupied the four islands of Raja Ampat.\" \/>\n<meta name=\"robots\" content=\"index, follow, max-snippet:-1, max-image-preview:large, max-video-preview:-1\" \/>\n<link rel=\"canonical\" href=\"https:\/\/www.papuaexplorers.com\/de\/about-raja-ampat\/\" \/>\n<meta property=\"og:locale\" content=\"de_DE\" \/>\n<meta property=\"og:type\" content=\"article\" \/>\n<meta property=\"og:title\" content=\"Raja Ampat Islands in Papua Indonesia | Papua Explorers\" \/>\n<meta property=\"og:description\" content=\"Learn more about Raja Ampat islands in Papua Indonesia. The name comes from a mythology about four kings who occupied the four islands of Raja Ampat.\" \/>\n<meta property=\"og:url\" content=\"https:\/\/www.papuaexplorers.com\/de\/about-raja-ampat\/\" \/>\n<meta property=\"og:site_name\" content=\"Papua Explorers Resort Raja Ampat\" \/>\n<meta property=\"article:modified_time\" content=\"2020-05-28T06:09:21+00:00\" \/>\n<meta property=\"og:image\" content=\"http:\/\/www.papuaexplorers.com\/wp-content\/uploads\/2016\/09\/141-1024x683.jpg\" \/>\n<meta name=\"twitter:card\" content=\"summary_large_image\" \/>\n<meta name=\"twitter:label1\" content=\"Gesch\u00e4tzte Lesezeit\" \/>\n\t<meta name=\"twitter:data1\" content=\"1\u00a0Minute\" \/>\n<script type=\"application\/ld+json\" class=\"yoast-schema-graph\">{\"@context\":\"https:\\\/\\\/schema.org\",\"@graph\":[{\"@type\":\"WebPage\",\"@id\":\"https:\\\/\\\/www.papuaexplorers.com\\\/de\\\/about-raja-ampat\\\/\",\"url\":\"https:\\\/\\\/www.papuaexplorers.com\\\/de\\\/about-raja-ampat\\\/\",\"name\":\"Raja Ampat Islands in Papua Indonesia | Papua Explorers\",\"isPartOf\":{\"@id\":\"https:\\\/\\\/www.papuaexplorers.com\\\/de\\\/#website\"},\"datePublished\":\"2016-06-30T19:14:57+00:00\",\"dateModified\":\"2020-05-28T06:09:21+00:00\",\"description\":\"Learn more about Raja Ampat islands in Papua Indonesia. The name comes from a mythology about four kings who occupied the four islands of Raja Ampat.\",\"breadcrumb\":{\"@id\":\"https:\\\/\\\/www.papuaexplorers.com\\\/de\\\/about-raja-ampat\\\/#breadcrumb\"},\"inLanguage\":\"de\",\"potentialAction\":[{\"@type\":\"ReadAction\",\"target\":[\"https:\\\/\\\/www.papuaexplorers.com\\\/de\\\/about-raja-ampat\\\/\"]}]},{\"@type\":\"BreadcrumbList\",\"@id\":\"https:\\\/\\\/www.papuaexplorers.com\\\/de\\\/about-raja-ampat\\\/#breadcrumb\",\"itemListElement\":[{\"@type\":\"ListItem\",\"position\":1,\"name\":\"Home\",\"item\":\"https:\\\/\\\/www.papuaexplorers.com\\\/de\\\/\"},{\"@type\":\"ListItem\",\"position\":2,\"name\":\"About Raja Ampat\"}]},{\"@type\":\"WebSite\",\"@id\":\"https:\\\/\\\/www.papuaexplorers.com\\\/de\\\/#website\",\"url\":\"https:\\\/\\\/www.papuaexplorers.com\\\/de\\\/\",\"name\":\"Papua Explorers Resort Raja Ampat\",\"description\":\"Providing Raja ampat&#039;s finest diving and snorkeling .\",\"potentialAction\":[{\"@type\":\"SearchAction\",\"target\":{\"@type\":\"EntryPoint\",\"urlTemplate\":\"https:\\\/\\\/www.papuaexplorers.com\\\/de\\\/?s={search_term_string}\"},\"query-input\":{\"@type\":\"PropertyValueSpecification\",\"valueRequired\":true,\"valueName\":\"search_term_string\"}}],\"inLanguage\":\"de\"}]}<\/script>\n<!-- \/ Yoast SEO plugin. -->","yoast_head_json":{"title":"Raja Ampat Islands in Papua Indonesia | Papua Explorers","description":"Learn more about Raja Ampat islands in Papua Indonesia. The name comes from a mythology about four kings who occupied the four islands of Raja Ampat.","robots":{"index":"index","follow":"follow","max-snippet":"max-snippet:-1","max-image-preview":"max-image-preview:large","max-video-preview":"max-video-preview:-1"},"canonical":"https:\/\/www.papuaexplorers.com\/de\/about-raja-ampat\/","og_locale":"de_DE","og_type":"article","og_title":"Raja Ampat Islands in Papua Indonesia | Papua Explorers","og_description":"Learn more about Raja Ampat islands in Papua Indonesia. The name comes from a mythology about four kings who occupied the four islands of Raja Ampat.","og_url":"https:\/\/www.papuaexplorers.com\/de\/about-raja-ampat\/","og_site_name":"Papua Explorers Resort Raja Ampat","article_modified_time":"2020-05-28T06:09:21+00:00","og_image":[{"url":"http:\/\/www.papuaexplorers.com\/wp-content\/uploads\/2016\/09\/141-1024x683.jpg","type":"","width":"","height":""}],"twitter_card":"summary_large_image","twitter_misc":{"Gesch\u00e4tzte Lesezeit":"1\u00a0Minute"},"schema":{"@context":"https:\/\/schema.org","@graph":[{"@type":"WebPage","@id":"https:\/\/www.papuaexplorers.com\/de\/about-raja-ampat\/","url":"https:\/\/www.papuaexplorers.com\/de\/about-raja-ampat\/","name":"Raja Ampat Islands in Papua Indonesia | Papua Explorers","isPartOf":{"@id":"https:\/\/www.papuaexplorers.com\/de\/#website"},"datePublished":"2016-06-30T19:14:57+00:00","dateModified":"2020-05-28T06:09:21+00:00","description":"Learn more about Raja Ampat islands in Papua Indonesia. The name comes from a mythology about four kings who occupied the four islands of Raja Ampat.","breadcrumb":{"@id":"https:\/\/www.papuaexplorers.com\/de\/about-raja-ampat\/#breadcrumb"},"inLanguage":"de","potentialAction":[{"@type":"ReadAction","target":["https:\/\/www.papuaexplorers.com\/de\/about-raja-ampat\/"]}]},{"@type":"BreadcrumbList","@id":"https:\/\/www.papuaexplorers.com\/de\/about-raja-ampat\/#breadcrumb","itemListElement":[{"@type":"ListItem","position":1,"name":"Home","item":"https:\/\/www.papuaexplorers.com\/de\/"},{"@type":"ListItem","position":2,"name":"About Raja Ampat"}]},{"@type":"WebSite","@id":"https:\/\/www.papuaexplorers.com\/de\/#website","url":"https:\/\/www.papuaexplorers.com\/de\/","name":"Papua Explorers Resort Raja Ampat","description":"Providing Raja ampat&#039;s finest diving and snorkeling .","potentialAction":[{"@type":"SearchAction","target":{"@type":"EntryPoint","urlTemplate":"https:\/\/www.papuaexplorers.com\/de\/?s={search_term_string}"},"query-input":{"@type":"PropertyValueSpecification","valueRequired":true,"valueName":"search_term_string"}}],"inLanguage":"de"}]}},"_links":{"self":[{"href":"https:\/\/www.papuaexplorers.com\/de\/wp-json\/wp\/v2\/pages\/1704","targetHints":{"allow":["GET"]}}],"collection":[{"href":"https:\/\/www.papuaexplorers.com\/de\/wp-json\/wp\/v2\/pages"}],"about":[{"href":"https:\/\/www.papuaexplorers.com\/de\/wp-json\/wp\/v2\/types\/page"}],"author":[{"embeddable":true,"href":"https:\/\/www.papuaexplorers.com\/de\/wp-json\/wp\/v2\/users\/1"}],"replies":[{"embeddable":true,"href":"https:\/\/www.papuaexplorers.com\/de\/wp-json\/wp\/v2\/comments?post=1704"}],"version-history":[{"count":43,"href":"https:\/\/www.papuaexplorers.com\/de\/wp-json\/wp\/v2\/pages\/1704\/revisions"}],"predecessor-version":[{"id":4652,"href":"https:\/\/www.papuaexplorers.com\/de\/wp-json\/wp\/v2\/pages\/1704\/revisions\/4652"}],"wp:attachment":[{"href":"https:\/\/www.papuaexplorers.com\/de\/wp-json\/wp\/v2\/media?parent=1704"}],"curies":[{"name":"wp","href":"https:\/\/api.w.org\/{rel}","templated":true}]}}