{"id":2806,"date":"2016-09-08T21:16:12","date_gmt":"2016-09-08T18:16:12","guid":{"rendered":"http:\/\/emrahkaranlik.com.au\/?page_id=2806"},"modified":"2020-06-05T13:37:52","modified_gmt":"2020-06-05T04:37:52","slug":"eco-friendly-practice-stay","status":"publish","type":"page","link":"https:\/\/www.papuaexplorers.com\/fr\/eco-friendly-practice-stay\/","title":{"rendered":"Pratiques environnementales durant votre s\u00e9jour"},"content":{"rendered":"<div class=\"wpb-content-wrapper\"><p>[vc_row][vc_column][vc_column_text][\/vc_column_text][\/vc_column][\/vc_row][vc_row][vc_column][vc_column_text]<\/p>\n<h1><strong>PRATIQUES ENVIRONNEMENTALES DURANT VOTRE SEJOUR<\/strong><\/h1>\n<hr \/>\n<p>&nbsp;<\/p>\n<p class=\"p1\"><span class=\"s1\">A Papua Explorers, nous avons la chance de pouvoir partager la beaut\u00e9 extraordinaire du monde marin avec nos clients. En tant que plongeurs, il est de notre devoir de faire tout notre possible pour respecter et prot\u00e9ger la nature dans laquelle nous plongeons. C\u2019est pour cela que nous vous invitons \u00e0 respecter et partager les quelques pratiques environnementales ci-dessous.<\/span><\/p>\n<p class=\"p1\"><span class=\"s1\">Ces quelques astuces contribueront non seulement \u00e0 la sant\u00e9 et \u00e0 la long\u00e9vit\u00e9 de notre r\u00e9cif mais pourront aussi \u00eatre r\u00e9utilis\u00e9es et partag\u00e9es ailleurs, faisant de nos plongeurs des ambassadeurs du respect de l\u2019environnement marin.<\/span><\/p>\n<p class=\"p1\"><span class=\"s1\">Nous esp\u00e9rons qu\u2019\u00e0 travers ces quelques petits efforts, nous parviendrons \u00e0 pr\u00e9server la nature et le spot de plong\u00e9e pour de nombreuses ann\u00e9es.<\/span><\/p>\n<p class=\"p1\"><strong><span class=\"s2\">Produits de douche biod\u00e9gradables<\/span><\/strong><\/p>\n<p class=\"p1\"><span class=\"s1\">Merci de n\u2019utiliser que des produits de douche biod\u00e9gradables (shampoing, apr\u00e8s-shampoing, soin du visage etc.) dans la douche et le lavabo. Les produits chimiques habituels polluent et ont tendance \u00e0 causer un ph\u00e9nom\u00e8ne d\u2019eutrophisation ; cr\u00e9ant un environnement favorable \u00e0 la croissance des algues plut\u00f4t que celle des coraux, favorisant donc la d\u00e9gradation de ces merveilleux r\u00e9cifs.<\/span><\/p>\n<p class=\"p1\"><span class=\"s1\">Du gel douche et des shampoings biodegradables seront mis \u00e0 votre disposition dans chaque bungalow.<\/span><\/p>\n<p class=\"p1\"><strong><span class=\"s2\">Protection solaire<\/span><\/strong><\/p>\n<p class=\"p1\"><span class=\"s1\">Le resort est situ\u00e9 \u00e0 environ 40km au Sud de l\u2019Equateur. Il fait tr\u00e8s chaud et une bonne protection solaire est quasi indispensable. Cependant, toute cr\u00e8me ou lotion finira par se diluer dans l\u2019eau de mer et malheureusement, le principe actif principal de la cr\u00e8me solaire (oxybenzone) est extr\u00eamement nocif pour les coraux. A travers le monde, la cr\u00e8me solaire est responsable de la d\u00e9gradation de nombreux r\u00e9cifs devenus \u00ab trop \u00bb populaires.<\/span><\/p>\n<p class=\"p1\"><span class=\"s1\">Afin de minimiser le rejet d\u2019oxybenzone dans les eaux naturelles et limpide de Raja Ampat, nous encourageons vivement nos clients \u00e0 n\u2019utiliser que des protections solaires respectueuses de l\u2019environnement (protection du milieu).<\/span><\/p>\n<p class=\"p1\"><strong><span class=\"s2\">Piles et d\u00e9chets plastiques<\/span><\/strong><\/p>\n<p class=\"p1\"><span class=\"s1\">La majorit\u00e9 du plastique produit dans le monde termine tristement dans nos oc\u00e9ans. Nos piles et batteries quant \u00e0 elles \u2013aussi utiles soient elles \u2013 rel\u00e2chent de nombreuses substances toxiques pour la faune et la flore marine. Ici a Papua Explorers, l\u2019ensemble de nos d\u00e9chets plastiques est collect\u00e9 et exp\u00e9di\u00e9 \u00e0 la ville la plus proche : Wasai. Malheureusement, les syst\u00e8mes de traitements des d\u00e9chets ne sont que tr\u00e8s peu d\u00e9velopp\u00e9s en Indon\u00e9sie et finissent dans des d\u00e9charges.<\/span><\/p>\n<p class=\"p1\"><span class=\"s1\">Afin de minimiser notre production de d\u00e9chets locaux, nous demandons \u00e0 nos clients de ramener leurs piles usag\u00e9es et emballages plastiques dans leur pays d\u2019origine, l\u00e0 o\u00f9 le traitement des d\u00e9chets est possible. Merci d\u2019avance pour votre compr\u00e9hension.<\/span><\/p>\n<p class=\"p1\"><strong><span class=\"s2\">Donations aux communaut\u00e9s locales.<\/span><\/strong><\/p>\n<p class=\"p1\"><span class=\"s1\">Bon nombre de nos clients ont la bont\u00e9 d\u2019amener des pr\u00e9sents pour le village de Yenwaupnor. Nous, ainsi que l\u2019ensemble de la communaut\u00e9 locale sommes tr\u00e8s reconnaissants envers notre g\u00e9n\u00e9reuse client\u00e8le. Afin de rendre votre acte encore plus noble, nous vous prions de r\u00e9cup\u00e9rer les emballages de vos pr\u00e9sents avant de les transmettre aux enfants du village.<\/span><\/p>\n<p class=\"p1\"><strong><span class=\"s2\">Lingerie<\/span><\/strong><\/p>\n<p class=\"p1\"><span class=\"s1\">Notre resort puise son eau douce d\u2019un aquif\u00e8re naturel. Parce que l\u2019eau est une ressource pr\u00e9cieuse et \u00e9puisable, nous nous devons de l\u2019\u00e9conomiser. Pour cela, nous prions nos clients de r\u00e9utiliser leurs serviettes de douche (elles seront chang\u00e9es tous les deux jours). Toutes serviettes pos\u00e9es au sol seront chang\u00e9es par notre \u00e9quipe de m\u00e9nage. Dans le but de minimiser une nouvelle fois notre impact \u00e9cologique, notre lingerie n\u2019utilise que des lessives biologiques, respectueuse de l\u2019environnement.<\/span><\/p>\n<p class=\"p1\"><span class=\"s1\">Au nom de toute notre \u00e9quipe et de la nature qui nous entoure, nous vous remercions pour votre soutien lors de votre s\u00e9jour!<\/span><\/p>\n<h3><\/h3>\n<p>[\/vc_column_text][\/vc_column][\/vc_row][vc_row][vc_column][vc_column_text][\/vc_column_text][\/vc_column][\/vc_row]<\/p>\n<\/div>","protected":false},"excerpt":{"rendered":"<p>[vc_row][vc_column][vc_column_text][\/vc_column_text][\/vc_column][\/vc_row][vc_row][vc_column][vc_column_text] PRATIQUES ENVIRONNEMENTALES DURANT VOTRE SEJOUR &nbsp; A Papua Explorers, nous avons la chance de pouvoir partager la beaut\u00e9 extraordinaire du monde marin avec nos clients. En tant que plongeurs, [&hellip;]<\/p>\n","protected":false},"author":1,"featured_media":2621,"parent":0,"menu_order":0,"comment_status":"closed","ping_status":"closed","template":"","meta":{"footnotes":""},"class_list":["post-2806","page","type-page","status-publish","has-post-thumbnail","hentry"],"yoast_head":"<!-- This site is optimized with the Yoast SEO plugin v27.4 - https:\/\/yoast.com\/product\/yoast-seo-wordpress\/ -->\n<title>Raja Ampat Eco Tourism - Eco Lodge &amp; Resort | Papua Explorers<\/title>\n<meta name=\"description\" content=\"Support our Raja Ampat eco tourism practices in our lodge resort and help keeping the water pristine. We participate in a number of eco-friendly practices.\" \/>\n<meta name=\"robots\" content=\"index, follow, max-snippet:-1, max-image-preview:large, max-video-preview:-1\" \/>\n<link rel=\"canonical\" href=\"https:\/\/www.papuaexplorers.com\/eco-friendly-practice-stay\/\" \/>\n<meta property=\"og:locale\" content=\"fr_FR\" \/>\n<meta property=\"og:type\" content=\"article\" \/>\n<meta property=\"og:title\" content=\"Raja Ampat Eco Tourism - Eco Lodge &amp; Resort | Papua Explorers\" \/>\n<meta property=\"og:description\" content=\"Support our Raja Ampat eco tourism practices in our lodge resort and help keeping the water pristine. We participate in a number of eco-friendly practices.\" \/>\n<meta property=\"og:url\" content=\"https:\/\/www.papuaexplorers.com\/eco-friendly-practice-stay\/\" \/>\n<meta property=\"og:site_name\" content=\"Papua Explorers Resort Raja Ampat\" \/>\n<meta property=\"article:modified_time\" content=\"2020-06-05T04:37:52+00:00\" \/>\n<meta property=\"og:image\" content=\"https:\/\/www.papuaexplorers.com\/wp-content\/uploads\/2016\/07\/Raja-Ampat-Children.jpg\" \/>\n\t<meta property=\"og:image:width\" content=\"1400\" \/>\n\t<meta property=\"og:image:height\" content=\"934\" \/>\n\t<meta property=\"og:image:type\" content=\"image\/jpeg\" \/>\n<meta name=\"twitter:card\" content=\"summary_large_image\" \/>\n<meta name=\"twitter:label1\" content=\"Dur\u00e9e de lecture estim\u00e9e\" \/>\n\t<meta name=\"twitter:data1\" content=\"3 minutes\" \/>\n<script type=\"application\/ld+json\" class=\"yoast-schema-graph\">{\"@context\":\"https:\\\/\\\/schema.org\",\"@graph\":[{\"@type\":\"WebPage\",\"@id\":\"https:\\\/\\\/www.papuaexplorers.com\\\/eco-friendly-practice-stay\\\/\",\"url\":\"https:\\\/\\\/www.papuaexplorers.com\\\/eco-friendly-practice-stay\\\/\",\"name\":\"Raja Ampat Eco Tourism - Eco Lodge & Resort | Papua Explorers\",\"isPartOf\":{\"@id\":\"https:\\\/\\\/www.papuaexplorers.com\\\/de\\\/#website\"},\"primaryImageOfPage\":{\"@id\":\"https:\\\/\\\/www.papuaexplorers.com\\\/eco-friendly-practice-stay\\\/#primaryimage\"},\"image\":{\"@id\":\"https:\\\/\\\/www.papuaexplorers.com\\\/eco-friendly-practice-stay\\\/#primaryimage\"},\"thumbnailUrl\":\"https:\\\/\\\/www.papuaexplorers.com\\\/wp-content\\\/uploads\\\/2016\\\/07\\\/Raja-Ampat-Children.jpg\",\"datePublished\":\"2016-09-08T18:16:12+00:00\",\"dateModified\":\"2020-06-05T04:37:52+00:00\",\"description\":\"Support our Raja Ampat eco tourism practices in our lodge resort and help keeping the water pristine. We participate in a number of eco-friendly practices.\",\"breadcrumb\":{\"@id\":\"https:\\\/\\\/www.papuaexplorers.com\\\/eco-friendly-practice-stay\\\/#breadcrumb\"},\"inLanguage\":\"fr-FR\",\"potentialAction\":[{\"@type\":\"ReadAction\",\"target\":[\"https:\\\/\\\/www.papuaexplorers.com\\\/eco-friendly-practice-stay\\\/\"]}]},{\"@type\":\"ImageObject\",\"inLanguage\":\"fr-FR\",\"@id\":\"https:\\\/\\\/www.papuaexplorers.com\\\/eco-friendly-practice-stay\\\/#primaryimage\",\"url\":\"https:\\\/\\\/www.papuaexplorers.com\\\/wp-content\\\/uploads\\\/2016\\\/07\\\/Raja-Ampat-Children.jpg\",\"contentUrl\":\"https:\\\/\\\/www.papuaexplorers.com\\\/wp-content\\\/uploads\\\/2016\\\/07\\\/Raja-Ampat-Children.jpg\",\"width\":1400,\"height\":934,\"caption\":\"Local village Kids diving, Raja Ampat, West Papua, Indonesia\"},{\"@type\":\"BreadcrumbList\",\"@id\":\"https:\\\/\\\/www.papuaexplorers.com\\\/eco-friendly-practice-stay\\\/#breadcrumb\",\"itemListElement\":[{\"@type\":\"ListItem\",\"position\":1,\"name\":\"Home\",\"item\":\"https:\\\/\\\/www.papuaexplorers.com\\\/de\\\/\"},{\"@type\":\"ListItem\",\"position\":2,\"name\":\"Eco Friendly Practice During Your Stay\"}]},{\"@type\":\"WebSite\",\"@id\":\"https:\\\/\\\/www.papuaexplorers.com\\\/de\\\/#website\",\"url\":\"https:\\\/\\\/www.papuaexplorers.com\\\/de\\\/\",\"name\":\"Papua Explorers Resort Raja Ampat\",\"description\":\"Providing Raja ampat&#039;s finest diving and snorkeling .\",\"potentialAction\":[{\"@type\":\"SearchAction\",\"target\":{\"@type\":\"EntryPoint\",\"urlTemplate\":\"https:\\\/\\\/www.papuaexplorers.com\\\/de\\\/?s={search_term_string}\"},\"query-input\":{\"@type\":\"PropertyValueSpecification\",\"valueRequired\":true,\"valueName\":\"search_term_string\"}}],\"inLanguage\":\"fr-FR\"}]}<\/script>\n<!-- \/ Yoast SEO plugin. -->","yoast_head_json":{"title":"Raja Ampat Eco Tourism - Eco Lodge & Resort | Papua Explorers","description":"Support our Raja Ampat eco tourism practices in our lodge resort and help keeping the water pristine. We participate in a number of eco-friendly practices.","robots":{"index":"index","follow":"follow","max-snippet":"max-snippet:-1","max-image-preview":"max-image-preview:large","max-video-preview":"max-video-preview:-1"},"canonical":"https:\/\/www.papuaexplorers.com\/eco-friendly-practice-stay\/","og_locale":"fr_FR","og_type":"article","og_title":"Raja Ampat Eco Tourism - Eco Lodge & Resort | Papua Explorers","og_description":"Support our Raja Ampat eco tourism practices in our lodge resort and help keeping the water pristine. We participate in a number of eco-friendly practices.","og_url":"https:\/\/www.papuaexplorers.com\/eco-friendly-practice-stay\/","og_site_name":"Papua Explorers Resort Raja Ampat","article_modified_time":"2020-06-05T04:37:52+00:00","og_image":[{"width":1400,"height":934,"url":"https:\/\/www.papuaexplorers.com\/wp-content\/uploads\/2016\/07\/Raja-Ampat-Children.jpg","type":"image\/jpeg"}],"twitter_card":"summary_large_image","twitter_misc":{"Dur\u00e9e de lecture estim\u00e9e":"3 minutes"},"schema":{"@context":"https:\/\/schema.org","@graph":[{"@type":"WebPage","@id":"https:\/\/www.papuaexplorers.com\/eco-friendly-practice-stay\/","url":"https:\/\/www.papuaexplorers.com\/eco-friendly-practice-stay\/","name":"Raja Ampat Eco Tourism - Eco Lodge & Resort | Papua Explorers","isPartOf":{"@id":"https:\/\/www.papuaexplorers.com\/de\/#website"},"primaryImageOfPage":{"@id":"https:\/\/www.papuaexplorers.com\/eco-friendly-practice-stay\/#primaryimage"},"image":{"@id":"https:\/\/www.papuaexplorers.com\/eco-friendly-practice-stay\/#primaryimage"},"thumbnailUrl":"https:\/\/www.papuaexplorers.com\/wp-content\/uploads\/2016\/07\/Raja-Ampat-Children.jpg","datePublished":"2016-09-08T18:16:12+00:00","dateModified":"2020-06-05T04:37:52+00:00","description":"Support our Raja Ampat eco tourism practices in our lodge resort and help keeping the water pristine. We participate in a number of eco-friendly practices.","breadcrumb":{"@id":"https:\/\/www.papuaexplorers.com\/eco-friendly-practice-stay\/#breadcrumb"},"inLanguage":"fr-FR","potentialAction":[{"@type":"ReadAction","target":["https:\/\/www.papuaexplorers.com\/eco-friendly-practice-stay\/"]}]},{"@type":"ImageObject","inLanguage":"fr-FR","@id":"https:\/\/www.papuaexplorers.com\/eco-friendly-practice-stay\/#primaryimage","url":"https:\/\/www.papuaexplorers.com\/wp-content\/uploads\/2016\/07\/Raja-Ampat-Children.jpg","contentUrl":"https:\/\/www.papuaexplorers.com\/wp-content\/uploads\/2016\/07\/Raja-Ampat-Children.jpg","width":1400,"height":934,"caption":"Local village Kids diving, Raja Ampat, West Papua, Indonesia"},{"@type":"BreadcrumbList","@id":"https:\/\/www.papuaexplorers.com\/eco-friendly-practice-stay\/#breadcrumb","itemListElement":[{"@type":"ListItem","position":1,"name":"Home","item":"https:\/\/www.papuaexplorers.com\/de\/"},{"@type":"ListItem","position":2,"name":"Eco Friendly Practice During Your Stay"}]},{"@type":"WebSite","@id":"https:\/\/www.papuaexplorers.com\/de\/#website","url":"https:\/\/www.papuaexplorers.com\/de\/","name":"Papua Explorers Resort Raja Ampat","description":"Providing Raja ampat&#039;s finest diving and snorkeling .","potentialAction":[{"@type":"SearchAction","target":{"@type":"EntryPoint","urlTemplate":"https:\/\/www.papuaexplorers.com\/de\/?s={search_term_string}"},"query-input":{"@type":"PropertyValueSpecification","valueRequired":true,"valueName":"search_term_string"}}],"inLanguage":"fr-FR"}]}},"_links":{"self":[{"href":"https:\/\/www.papuaexplorers.com\/fr\/wp-json\/wp\/v2\/pages\/2806","targetHints":{"allow":["GET"]}}],"collection":[{"href":"https:\/\/www.papuaexplorers.com\/fr\/wp-json\/wp\/v2\/pages"}],"about":[{"href":"https:\/\/www.papuaexplorers.com\/fr\/wp-json\/wp\/v2\/types\/page"}],"author":[{"embeddable":true,"href":"https:\/\/www.papuaexplorers.com\/fr\/wp-json\/wp\/v2\/users\/1"}],"replies":[{"embeddable":true,"href":"https:\/\/www.papuaexplorers.com\/fr\/wp-json\/wp\/v2\/comments?post=2806"}],"version-history":[{"count":17,"href":"https:\/\/www.papuaexplorers.com\/fr\/wp-json\/wp\/v2\/pages\/2806\/revisions"}],"predecessor-version":[{"id":4670,"href":"https:\/\/www.papuaexplorers.com\/fr\/wp-json\/wp\/v2\/pages\/2806\/revisions\/4670"}],"wp:featuredmedia":[{"embeddable":true,"href":"https:\/\/www.papuaexplorers.com\/fr\/wp-json\/wp\/v2\/media\/2621"}],"wp:attachment":[{"href":"https:\/\/www.papuaexplorers.com\/fr\/wp-json\/wp\/v2\/media?parent=2806"}],"curies":[{"name":"wp","href":"https:\/\/api.w.org\/{rel}","templated":true}]}}