{"id":3103,"date":"2016-11-10T03:23:33","date_gmt":"2016-11-10T01:23:33","guid":{"rendered":"http:\/\/www.papuaexplorers.com\/?page_id=3103"},"modified":"2020-05-26T14:58:15","modified_gmt":"2020-05-26T05:58:15","slug":"wayag","status":"publish","type":"page","link":"https:\/\/www.papuaexplorers.com\/fr\/wayag\/","title":{"rendered":"Wayag"},"content":{"rendered":"<div class=\"wpb-content-wrapper\"><p>[vc_row][vc_column][vc_single_image image=&#8221;3105&#8243; img_size=&#8221;1024&#215;628&#8243; style=&#8221;vc_box_border&#8221; border_color=&#8221;white&#8221;][vc_column_text]<\/p>\n<h1>LES \u00ceLES DE WAYAG<\/h1>\n<hr \/>\n<p class=\"p1\"><span class=\"s1\"><strong>D\u00e9part:<\/strong> 6h00<br \/>\n<\/span><span class=\"s1\"><strong>Retour:<\/strong> 18h00<br \/>\n<\/span><span class=\"s1\"><strong>Transit avant la premi\u00e8re plong\u00e9e:<\/strong> environ 1h30<br \/>\n<\/span><span class=\"s1\"><strong>Inclus:<\/strong> snacks, boissons, visite guid\u00e9e, frais d\u2019entr\u00e9e et picnic<br \/>\n<\/span><span class=\"s1\"><strong>\u00c0 ne pas oublier:<\/strong> de bonnes chaussures, un chapeau et un appareil photo<br \/>\n<\/span><span class=\"s1\"><strong>Min. nombre de participants:<\/strong> 5<br \/>\n<\/span><\/p>\n<p class=\"p1\"><span class=\"s1\">Inhabit\u00e9es et merveilleusement pittoresques, les \u00eeles de Wayag sont l&#8217;embl\u00e8me des Raja Ampat. Couvrant une zone de 155,000 hectares, l\u2019archipel est connu pour ses atolls magnifiques et abritent une vie sous-marine extraordinaire.<\/span><\/p>\n<p class=\"p1\"><span class=\"s1\">\u00a0Une fois au sommee de l\u2019ile pain de sucre, un panorama de conte de f\u00e9e enchantera chaque visiteur.<\/span><\/p>\n<p class=\"p1\"><span class=\"s1\">Notre voyage \u00e0 Wayag commence au lever du soleil o\u00f9 nous partons au nord en direction de l\u2019Equateur. Un peu plus d\u2019une heure plus tard, nous atteignons le premier site de plong\u00e9e\/snorkel: Eagle Rock, nomm\u00e9 en honneur des aigles majestueux qui survolent le site.<\/span><\/p>\n<p class=\"p1\"><span class=\"s1\">Une fois a l\u2019eau, plongeurs et snorkelers peuvent rencontrer requins, Wobbegongs, gaterins, perroquets \u00e0 boss et parfois m\u00eame quelques raies manta!<\/span><\/p>\n<p class=\"p1\"><span class=\"s1\">Nous trouvons ensuite une jolie plage ou nous faisons notre interval de surface.<\/span><\/p>\n<p class=\"p1\"><span class=\"s1\">Le second site, Black Rock regorge de coraux mous et propose parfois un vrai feu d\u2019artifice de poissons. Le courrant y est parfois tres fort mais le jeu en vaut vraiment la chandelle!<\/span><\/p>\n<p class=\"p1\"><span class=\"s1\">Une fois la plong\u00e9e termin\u00e9e, nous nous rendons au poste de garde pour pr\u00e9senter nos passes d\u2019entr\u00e9e et d\u00e9jeuner sur la plage. Ceux qui le souhaitent en profitent pour aller batifoler avec de jeunes requins sous la jet\u00e9e du poste! Une rencontre unique avec ces jeunes rois des mers.<\/span><\/p>\n<p class=\"p1\"><span class=\"s1\">Une fois repos\u00e9s, nous repartons en bateau pour une agr\u00e9able visite de l\u2019archipel o\u00f9 chaque recoin ne cesse de subjuguer.A l\u2019approche du point de vue, le groupe prend conscience du petit challenge \u00e0 gravir*: un chemin escarp\u00e9 qui permet d\u2019acceder au plus beau panorama de la r\u00e9gion les mots ne pourraient d&#8217;\u00e9crire une telle vision. A couper le souffle et \u00e0 voir de ses propres yeux!<\/span><\/p>\n<p class=\"p1\"><span class=\"s1\">.<\/span><\/p>\n<p class=\"p1\"><span class=\"s1\">En fin d\u2019apr\u00e8s midi, la plus part profiteront du trajet retour pour se reposer en se rem\u00e9morant une journ\u00e9e extraordinaire. Le soleil commence \u00e0 se coucher et l\u2019arrivee au Resort offre un dernier panorama color\u00e9\u2026<\/span><\/p>\n<p class=\"p1\"><span class=\"s1\">*l\u2019ascension n est pas recommand\u00e9e pour les jeunes enfants et personnes \u00e0 mobilite r\u00e9duite.<\/span><\/p>\n<p>[\/vc_column_text][\/vc_column][\/vc_row][vc_row][vc_column][\/vc_column][\/vc_row][vc_row][vc_column][vc_column_text]<\/p>\n<style type=\"text\/css\">\n#foogallery-gallery-3132 .fg-image { width: 300px; }\n#foogallery-gallery-3132 { --fg-gutter: 10px; }<\/style>\n\t\t\t<style type=\"text\/css\">\n#foogallery-gallery-3132_1 .fg-image { width: 300px; }\n#foogallery-gallery-3132_1 { --fg-gutter: 10px; }<\/style>\n\t\t\t<div class=\"foogallery foogallery-container foogallery-default foogallery-lightbox-foobox fg-center fg-default fg-ready fg-light fg-border-thin fg-shadow-small fg-loading-default fg-loaded-fade-in fg-hover-fade fg-hover-zoom\" id=\"foogallery-gallery-3132_1\" data-foogallery=\"{&quot;item&quot;:{&quot;showCaptionTitle&quot;:true,&quot;showCaptionDescription&quot;:false},&quot;lazy&quot;:false,&quot;src&quot;:&quot;src&quot;,&quot;srcset&quot;:&quot;srcset&quot;}\" style=\"--fg-title-line-clamp: 0; --fg-description-line-clamp: 0;\" >\n\t<div class=\"fg-item fg-type-image fg-loaded\"><figure class=\"fg-item-inner\"><a href=\"https:\/\/www.papuaexplorers.com\/wp-content\/uploads\/2016\/07\/wayag2_home.jpg\" data-attachment-id=\"2499\" data-type=\"image\" class=\"fg-thumb\"><span class=\"fg-image-wrap\"><img fetchpriority=\"high\" decoding=\"async\" src=\"https:\/\/www.papuaexplorers.com\/wp-content\/uploads\/cache\/2016\/07\/wayag2_home\/3530860324.jpg\" alt=\"island panorama of the wayag islands raja ampat\" width=\"300\" height=\"200\" class=\"skip-lazy fg-image\" data-no-lazy=\"1\" loading=\"eager\"><\/span><span class=\"fg-image-overlay\"><\/span><\/a><\/figure><div class=\"fg-loader\"><\/div><\/div><div class=\"fg-item fg-type-image fg-loaded\"><figure class=\"fg-item-inner\"><a href=\"https:\/\/www.papuaexplorers.com\/wp-content\/uploads\/2016\/07\/Wayag3.jpg\" data-caption-title=\"Aerial view of the Wayag island group in the far north of Raja Ampat, West Papua, Indonesia, Pacific Ocean\" data-caption-desc=\"Wayag Island are a Unesco world Heritage site .\" data-attachment-id=\"2620\" data-type=\"image\" class=\"fg-thumb\"><span class=\"fg-image-wrap\"><img decoding=\"async\" src=\"https:\/\/www.papuaexplorers.com\/wp-content\/uploads\/cache\/2016\/07\/Wayag3\/1119728546.jpg\" alt=\"Aerial View of the Wayag Islands\" title=\"Aerial view of the Wayag island group in the far north of Raja Ampat, West Papua, Indonesia, Pacific Ocean\" width=\"300\" height=\"200\" class=\"skip-lazy fg-image\" data-no-lazy=\"1\" loading=\"eager\"><\/span><span class=\"fg-image-overlay\"><\/span><\/a><figcaption class=\"fg-caption\"><div class=\"fg-caption-inner\"><div class=\"fg-caption-title\">Aerial view of the Wayag island group in the far north of Raja Ampat, West Papua, Indonesia, Pacific Ocean<\/div><\/div><\/figcaption><\/figure><div class=\"fg-loader\"><\/div><\/div><div class=\"fg-item fg-type-image fg-loaded\"><figure class=\"fg-item-inner\"><a href=\"https:\/\/www.papuaexplorers.com\/wp-content\/uploads\/2016\/07\/wayag1_home.jpg\" data-attachment-id=\"2500\" data-type=\"image\" class=\"fg-thumb\"><span class=\"fg-image-wrap\"><img decoding=\"async\" src=\"https:\/\/www.papuaexplorers.com\/wp-content\/uploads\/cache\/2016\/07\/wayag1_home\/1434284831.jpg\" width=\"300\" height=\"200\" class=\"skip-lazy fg-image\" data-no-lazy=\"1\" loading=\"eager\"><\/span><span class=\"fg-image-overlay\"><\/span><\/a><\/figure><div class=\"fg-loader\"><\/div><\/div><div class=\"fg-item fg-type-image fg-loaded\"><figure class=\"fg-item-inner\"><a href=\"https:\/\/www.papuaexplorers.com\/wp-content\/uploads\/2016\/07\/IMG_7872.jpg\" data-caption-title=\"Papua Explorers Boat resting at Wayag , Raja Ampat\" data-attachment-id=\"2956\" data-type=\"image\" class=\"fg-thumb\"><span class=\"fg-image-wrap\"><img decoding=\"async\" src=\"https:\/\/www.papuaexplorers.com\/wp-content\/uploads\/cache\/2016\/07\/IMG_7872\/2161840320.jpg\" alt=\"our Papua Explorers boat at a secluded beach in the wayag islands in raja ampat\" title=\"Papua Explorers Boat resting at Wayag , Raja Ampat\" width=\"300\" height=\"200\" class=\"skip-lazy fg-image\" data-no-lazy=\"1\" loading=\"eager\"><\/span><span class=\"fg-image-overlay\"><\/span><\/a><figcaption class=\"fg-caption\"><div class=\"fg-caption-inner\"><div class=\"fg-caption-title\">Papua Explorers Boat resting at Wayag , Raja Ampat<\/div><\/div><\/figcaption><\/figure><div class=\"fg-loader\"><\/div><\/div><div class=\"fg-item fg-type-image fg-loaded\"><figure class=\"fg-item-inner\"><a href=\"https:\/\/www.papuaexplorers.com\/wp-content\/uploads\/2016\/11\/IMG_3935.jpg\" data-attachment-id=\"3135\" data-type=\"image\" class=\"fg-thumb\"><span class=\"fg-image-wrap\"><img decoding=\"async\" src=\"https:\/\/www.papuaexplorers.com\/wp-content\/uploads\/cache\/2016\/11\/IMG_3935\/46916054.jpg\" alt=\"climbing up to the viewpoint on the wayag islands\" width=\"300\" height=\"200\" class=\"skip-lazy fg-image\" data-no-lazy=\"1\" loading=\"eager\"><\/span><span class=\"fg-image-overlay\"><\/span><\/a><\/figure><div class=\"fg-loader\"><\/div><\/div><div class=\"fg-item fg-type-image fg-loaded\"><figure class=\"fg-item-inner\"><a href=\"https:\/\/www.papuaexplorers.com\/wp-content\/uploads\/2016\/11\/IMG_3950.jpg\" data-attachment-id=\"3136\" data-type=\"image\" class=\"fg-thumb\"><span class=\"fg-image-wrap\"><img decoding=\"async\" src=\"https:\/\/www.papuaexplorers.com\/wp-content\/uploads\/cache\/2016\/11\/IMG_3950\/1950045576.jpg\" alt=\"ocean and island panorama in raja ampat\" width=\"300\" height=\"200\" class=\"skip-lazy fg-image\" data-no-lazy=\"1\" loading=\"eager\"><\/span><span class=\"fg-image-overlay\"><\/span><\/a><\/figure><div class=\"fg-loader\"><\/div><\/div><div class=\"fg-item fg-type-image fg-loaded\"><figure class=\"fg-item-inner\"><a href=\"https:\/\/www.papuaexplorers.com\/wp-content\/uploads\/2016\/11\/IMG_3965.jpg\" data-attachment-id=\"3137\" data-type=\"image\" class=\"fg-thumb\"><span class=\"fg-image-wrap\"><img decoding=\"async\" src=\"https:\/\/www.papuaexplorers.com\/wp-content\/uploads\/cache\/2016\/11\/IMG_3965\/2290146182.jpg\" alt=\"beautiful view in Wayag, Raja Ampat\" width=\"300\" height=\"200\" class=\"skip-lazy fg-image\" data-no-lazy=\"1\" loading=\"eager\"><\/span><span class=\"fg-image-overlay\"><\/span><\/a><\/figure><div class=\"fg-loader\"><\/div><\/div><div class=\"fg-item fg-type-image fg-loaded\"><figure class=\"fg-item-inner\"><a href=\"https:\/\/www.papuaexplorers.com\/wp-content\/uploads\/2016\/11\/image-of-sharks-at-wayag-raja-ampat.jpg\" data-caption-title=\"Daily diving trip to Wayag offers opportunities to swim with Sharks.\" data-caption-desc=\"Daily diving trip to Wayag offers opportunities to swim with Sharks.\" data-attachment-id=\"3475\" data-type=\"image\" class=\"fg-thumb\"><span class=\"fg-image-wrap\"><img decoding=\"async\" src=\"https:\/\/www.papuaexplorers.com\/wp-content\/uploads\/cache\/2016\/11\/image-of-sharks-at-wayag-raja-ampat\/1866834309.jpg\" alt=\"Image of sharks at Wayag Islands in Raja Ampat\" title=\"Daily diving trip to Wayag offers opportunities to swim with Sharks.\" width=\"300\" height=\"200\" class=\"skip-lazy fg-image\" data-no-lazy=\"1\" loading=\"eager\"><\/span><span class=\"fg-image-overlay\"><\/span><\/a><figcaption class=\"fg-caption\"><div class=\"fg-caption-inner\"><div class=\"fg-caption-title\">Daily diving trip to Wayag offers opportunities to swim with Sharks.<\/div><\/div><\/figcaption><\/figure><div class=\"fg-loader\"><\/div><\/div><\/div>\n\n<p>,[\/vc_column_text][\/vc_column][\/vc_row]<\/p>\n<\/div>","protected":false},"excerpt":{"rendered":"<p>[vc_row][vc_column][vc_single_image image=&#8221;3105&#8243; img_size=&#8221;1024&#215;628&#8243; style=&#8221;vc_box_border&#8221; border_color=&#8221;white&#8221;][vc_column_text] LES \u00ceLES DE WAYAG D\u00e9part: 6h00 Retour: 18h00 Transit avant la premi\u00e8re plong\u00e9e: environ 1h30 Inclus: snacks, boissons, visite guid\u00e9e, frais d\u2019entr\u00e9e et picnic \u00c0 [&hellip;]<\/p>\n","protected":false},"author":4,"featured_media":0,"parent":0,"menu_order":0,"comment_status":"closed","ping_status":"closed","template":"","meta":{"footnotes":""},"class_list":["post-3103","page","type-page","status-publish","hentry"],"yoast_head":"<!-- This site is optimized with the Yoast SEO plugin v27.4 - https:\/\/yoast.com\/product\/yoast-seo-wordpress\/ -->\n<title>Wayag Islands in Raja Ampat | Papua Explorers Eco Resort<\/title>\n<meta name=\"description\" content=\"Uninhabited and incredibly picturesque, the Wayag Islands are an icon of Raja Ampat. The Wayag Islands are known for their beautiful atolls and panoramas.\" \/>\n<meta name=\"robots\" content=\"index, follow, max-snippet:-1, max-image-preview:large, max-video-preview:-1\" \/>\n<link rel=\"canonical\" href=\"https:\/\/www.papuaexplorers.com\/wayag\/\" \/>\n<meta property=\"og:locale\" content=\"fr_FR\" \/>\n<meta property=\"og:type\" content=\"article\" \/>\n<meta property=\"og:title\" content=\"Wayag Islands in Raja Ampat | Papua Explorers Eco Resort\" \/>\n<meta property=\"og:description\" content=\"Uninhabited and incredibly picturesque, the Wayag Islands are an icon of Raja Ampat. The Wayag Islands are known for their beautiful atolls and panoramas.\" \/>\n<meta property=\"og:url\" content=\"https:\/\/www.papuaexplorers.com\/wayag\/\" \/>\n<meta property=\"og:site_name\" content=\"Papua Explorers Resort Raja Ampat\" \/>\n<meta property=\"article:modified_time\" content=\"2020-05-26T05:58:15+00:00\" \/>\n<meta name=\"twitter:card\" content=\"summary_large_image\" \/>\n<meta name=\"twitter:label1\" content=\"Dur\u00e9e de lecture estim\u00e9e\" \/>\n\t<meta name=\"twitter:data1\" content=\"2 minutes\" \/>\n<script type=\"application\/ld+json\" class=\"yoast-schema-graph\">{\"@context\":\"https:\\\/\\\/schema.org\",\"@graph\":[{\"@type\":\"WebPage\",\"@id\":\"https:\\\/\\\/www.papuaexplorers.com\\\/wayag\\\/\",\"url\":\"https:\\\/\\\/www.papuaexplorers.com\\\/wayag\\\/\",\"name\":\"Wayag Islands in Raja Ampat | Papua Explorers Eco Resort\",\"isPartOf\":{\"@id\":\"https:\\\/\\\/www.papuaexplorers.com\\\/de\\\/#website\"},\"datePublished\":\"2016-11-10T01:23:33+00:00\",\"dateModified\":\"2020-05-26T05:58:15+00:00\",\"description\":\"Uninhabited and incredibly picturesque, the Wayag Islands are an icon of Raja Ampat. The Wayag Islands are known for their beautiful atolls and panoramas.\",\"breadcrumb\":{\"@id\":\"https:\\\/\\\/www.papuaexplorers.com\\\/wayag\\\/#breadcrumb\"},\"inLanguage\":\"fr-FR\",\"potentialAction\":[{\"@type\":\"ReadAction\",\"target\":[\"https:\\\/\\\/www.papuaexplorers.com\\\/wayag\\\/\"]}]},{\"@type\":\"BreadcrumbList\",\"@id\":\"https:\\\/\\\/www.papuaexplorers.com\\\/wayag\\\/#breadcrumb\",\"itemListElement\":[{\"@type\":\"ListItem\",\"position\":1,\"name\":\"Home\",\"item\":\"https:\\\/\\\/www.papuaexplorers.com\\\/de\\\/\"},{\"@type\":\"ListItem\",\"position\":2,\"name\":\"Wayag\"}]},{\"@type\":\"WebSite\",\"@id\":\"https:\\\/\\\/www.papuaexplorers.com\\\/de\\\/#website\",\"url\":\"https:\\\/\\\/www.papuaexplorers.com\\\/de\\\/\",\"name\":\"Papua Explorers Resort Raja Ampat\",\"description\":\"Providing Raja ampat&#039;s finest diving and snorkeling .\",\"potentialAction\":[{\"@type\":\"SearchAction\",\"target\":{\"@type\":\"EntryPoint\",\"urlTemplate\":\"https:\\\/\\\/www.papuaexplorers.com\\\/de\\\/?s={search_term_string}\"},\"query-input\":{\"@type\":\"PropertyValueSpecification\",\"valueRequired\":true,\"valueName\":\"search_term_string\"}}],\"inLanguage\":\"fr-FR\"}]}<\/script>\n<!-- \/ Yoast SEO plugin. -->","yoast_head_json":{"title":"Wayag Islands in Raja Ampat | Papua Explorers Eco Resort","description":"Uninhabited and incredibly picturesque, the Wayag Islands are an icon of Raja Ampat. The Wayag Islands are known for their beautiful atolls and panoramas.","robots":{"index":"index","follow":"follow","max-snippet":"max-snippet:-1","max-image-preview":"max-image-preview:large","max-video-preview":"max-video-preview:-1"},"canonical":"https:\/\/www.papuaexplorers.com\/wayag\/","og_locale":"fr_FR","og_type":"article","og_title":"Wayag Islands in Raja Ampat | Papua Explorers Eco Resort","og_description":"Uninhabited and incredibly picturesque, the Wayag Islands are an icon of Raja Ampat. The Wayag Islands are known for their beautiful atolls and panoramas.","og_url":"https:\/\/www.papuaexplorers.com\/wayag\/","og_site_name":"Papua Explorers Resort Raja Ampat","article_modified_time":"2020-05-26T05:58:15+00:00","twitter_card":"summary_large_image","twitter_misc":{"Dur\u00e9e de lecture estim\u00e9e":"2 minutes"},"schema":{"@context":"https:\/\/schema.org","@graph":[{"@type":"WebPage","@id":"https:\/\/www.papuaexplorers.com\/wayag\/","url":"https:\/\/www.papuaexplorers.com\/wayag\/","name":"Wayag Islands in Raja Ampat | Papua Explorers Eco Resort","isPartOf":{"@id":"https:\/\/www.papuaexplorers.com\/de\/#website"},"datePublished":"2016-11-10T01:23:33+00:00","dateModified":"2020-05-26T05:58:15+00:00","description":"Uninhabited and incredibly picturesque, the Wayag Islands are an icon of Raja Ampat. The Wayag Islands are known for their beautiful atolls and panoramas.","breadcrumb":{"@id":"https:\/\/www.papuaexplorers.com\/wayag\/#breadcrumb"},"inLanguage":"fr-FR","potentialAction":[{"@type":"ReadAction","target":["https:\/\/www.papuaexplorers.com\/wayag\/"]}]},{"@type":"BreadcrumbList","@id":"https:\/\/www.papuaexplorers.com\/wayag\/#breadcrumb","itemListElement":[{"@type":"ListItem","position":1,"name":"Home","item":"https:\/\/www.papuaexplorers.com\/de\/"},{"@type":"ListItem","position":2,"name":"Wayag"}]},{"@type":"WebSite","@id":"https:\/\/www.papuaexplorers.com\/de\/#website","url":"https:\/\/www.papuaexplorers.com\/de\/","name":"Papua Explorers Resort Raja Ampat","description":"Providing Raja ampat&#039;s finest diving and snorkeling .","potentialAction":[{"@type":"SearchAction","target":{"@type":"EntryPoint","urlTemplate":"https:\/\/www.papuaexplorers.com\/de\/?s={search_term_string}"},"query-input":{"@type":"PropertyValueSpecification","valueRequired":true,"valueName":"search_term_string"}}],"inLanguage":"fr-FR"}]}},"_links":{"self":[{"href":"https:\/\/www.papuaexplorers.com\/fr\/wp-json\/wp\/v2\/pages\/3103","targetHints":{"allow":["GET"]}}],"collection":[{"href":"https:\/\/www.papuaexplorers.com\/fr\/wp-json\/wp\/v2\/pages"}],"about":[{"href":"https:\/\/www.papuaexplorers.com\/fr\/wp-json\/wp\/v2\/types\/page"}],"author":[{"embeddable":true,"href":"https:\/\/www.papuaexplorers.com\/fr\/wp-json\/wp\/v2\/users\/4"}],"replies":[{"embeddable":true,"href":"https:\/\/www.papuaexplorers.com\/fr\/wp-json\/wp\/v2\/comments?post=3103"}],"version-history":[{"count":17,"href":"https:\/\/www.papuaexplorers.com\/fr\/wp-json\/wp\/v2\/pages\/3103\/revisions"}],"predecessor-version":[{"id":4639,"href":"https:\/\/www.papuaexplorers.com\/fr\/wp-json\/wp\/v2\/pages\/3103\/revisions\/4639"}],"wp:attachment":[{"href":"https:\/\/www.papuaexplorers.com\/fr\/wp-json\/wp\/v2\/media?parent=3103"}],"curies":[{"name":"wp","href":"https:\/\/api.w.org\/{rel}","templated":true}]}}